{"id":27,"date":"2012-02-29T15:53:58","date_gmt":"2012-02-29T15:53:58","guid":{"rendered":"http:\/\/br.justcris.com\/?page_id=27"},"modified":"2017-04-25T17:59:08","modified_gmt":"2017-04-25T20:59:08","slug":"sobre","status":"publish","type":"page","link":"https:\/\/justcris.crisferreira.com\/br\/sobre\/","title":{"rendered":"Sobre"},"content":{"rendered":"<p><strong><span style=\"color: #ff0000;\">Importante: <a style=\"color: #ff0000;\" href=\"https:\/\/justcris.crisferreira.com\/br\/o-fim-de-um-trabalho\/\">este blog est\u00e1 aposentado<\/a>. Ele n\u00e3o recebe mais atualiza\u00e7\u00f5es.<\/span><\/strong><\/p>\n<p>Meu nome \u00e9 Cristiane Ferreira. Eu tenho tamb\u00e9m uma <a title=\"Just Cris\" href=\"http:\/\/en.justcris.com.br\">vers\u00e3o deste site em ingl\u00eas<\/a>, e da\u00ed veio o nome &#8220;just Cris&#8221;. \u00c9 uma brincadeira com o fato de que raramente as pessoas acertam meu nome (geralmente me chamam de Cristina). Ent\u00e3o, \u00e9 s\u00f3 me chamar de Cris, OK?<\/p>\n<p>Eu nasci e cresci em\u00a0S\u00e3o Paulo, Brasil. Atualmente eu moro em Guarulhos, na Grande S\u00e3o Paulo.<\/p>\n<p>Eu sou crist\u00e3 evang\u00e9lica e gosto muito de conversar sobre a Palavra de Deus, o Evangelho de Jesus Cristo e sobre Teologia em geral.\u00a0Estou atualmente cursando Teologia no <a href=\"http:\/\/www.betelbrasileiro.com.br\/\" target=\"_blank\" rel=\"noopener noreferrer\">Semin\u00e1rio Teol\u00f3gico Evang\u00e9lico do Betel Brasileiro<\/a>.<\/p>\n<p>Eu sou membro da <a href=\"http:\/\/igrejadafamiliaguarulhos.org.br\/\" target=\"_blank\" rel=\"noopener noreferrer\">Igreja Crist\u00e3 da Fam\u00edlia em Guarulhos<\/a>.<\/p>\n<p>Profissionalmente, eu sou Especialista em TI e at\u00e9 2011\u00a0eu trabalhava na IBM. Atualmente, estou trabalhando como freelancer, ajudando algumas ONGs, e estou preparando cursos online.<\/p>\n<p>Para mais informa\u00e7\u00f5es sobre mim e meus blogs, visite <a title=\"Cris Ferreira\" href=\"http:\/\/crisferreira.com\" target=\"_blank\" rel=\"noopener noreferrer\">esta p\u00e1gina<\/a>.<\/p>\n<h3>Sobre este blog:<\/h3>\n<p>E foi para conversar sobre f\u00e9 e Cristianismo que eu criei este blog.\u00a0Eu parei de atualiz\u00e1-lo em 2013, mas em breve pretendo lan\u00e7ar um novo blog semelhante a este.<\/p>\n<h3>Por onde come\u00e7ar:<\/h3>\n<p>Se voc\u00ea quiser come\u00e7ar a ler este blog, eu sugiro come\u00e7ar pelos posts mais populares:<\/p>\n<ul>\n<li><a href=\"https:\/\/justcris.crisferreira.com\/br\/misericordia-e-nao-sacrificio\/\">Miseric\u00f3rdia e n\u00e3o sacrif\u00edcio<\/a><\/li>\n<li><a href=\"https:\/\/justcris.crisferreira.com\/br\/o-unico-filho-de-deus\/\">O \u00fanico filho de Deus<\/a><\/li>\n<li><a href=\"https:\/\/justcris.crisferreira.com\/br\/filhos-de-deus\/\">Somos todos filhos de Deus?<\/a><\/li>\n<li><a href=\"https:\/\/justcris.crisferreira.com\/br\/pessoas-precisam-de-pessoas\/\">Pessoas precisam de pessoas<\/a><\/li>\n<li><a href=\"https:\/\/justcris.crisferreira.com\/br\/objetivo-de-jesus\/\">O principal objetivo de vida de Jesus<\/a><\/li>\n<\/ul>\n<div>Eu tamb\u00e9m sugiro alguns outros, que s\u00e3o meus preferidos, em ordem alfab\u00e9tica:<\/div>\n<div>\n<ul>\n<li><a title=\"A\u00ed est\u00e1 Voc\u00ea, Deus!\" href=\"https:\/\/justcris.crisferreira.com\/br\/ai-esta-voce-deus\/\" target=\"_blank\" rel=\"noopener noreferrer\">A\u00ed est\u00e1 Voc\u00ea, Deus!<\/a><\/li>\n<li><a title=\"Aprendendo a amar\" href=\"https:\/\/justcris.crisferreira.com\/br\/aprendendo-a-amar\/\" target=\"_blank\" rel=\"noopener noreferrer\">Aprendendo a amar<\/a><\/li>\n<li><a title=\"Desafios e oportunidades\" href=\"https:\/\/justcris.crisferreira.com\/br\/desafios-e-oportunidades\/\" target=\"_blank\" rel=\"noopener noreferrer\">Desafios e oportunidades<\/a><\/li>\n<li><a title=\"Quando Deus decide dizer n\u00e3o\" href=\"https:\/\/justcris.crisferreira.com\/br\/quando-deus-decide-dizer-nao\/\" target=\"_blank\" rel=\"noopener noreferrer\">Quando Deus decide dizer n\u00e3o<\/a><\/li>\n<li><a title=\"Um inocente pagou o pre\u00e7o\" href=\"https:\/\/justcris.crisferreira.com\/br\/um-inocente-pagou-o-preco\/\" target=\"_blank\" rel=\"noopener noreferrer\">Um inocente pagou o pre\u00e7o<\/a><\/li>\n<\/ul>\n<\/div>\n<h3>Para me contactar:<\/h3>\n<p>Voc\u00ea pode me contactar\u00a0via\u00a0<a title=\"Twitter\" href=\"http:\/\/twitter.com\/CrisFerreiraJC\" target=\"_blank\" rel=\"noopener noreferrer\">Twitter<\/a>\u00a0ou ainda atrav\u00e9s do <a href=\"http:\/\/www.facebook.com\/ItsJustCris\">Facebook<\/a>.<\/p>\n<h3>Cr\u00e9ditos:<\/h3>\n<p>Um agradecimento a\u00a0<a title=\"Jason Vana\" href=\"http:\/\/jasonvana.net\/\" target=\"_blank\" rel=\"noopener noreferrer\">Jason Vana<\/a>\u00a0pelo desenho do logo &#8220;Just Cris&#8221; deste site e do site em ingl\u00eas.<\/p>\n<hr \/>\n<h3>Veja tamb\u00e9m:<\/h3>\n<ul>\n<li><a title=\"Disclaimer\" href=\"https:\/\/justcris.crisferreira.com\/br\/disclaimer\/\">Disclaimer<\/a><\/li>\n<li><a title=\"Disclosure\" href=\"https:\/\/justcris.crisferreira.com\/br\/disclosure\/\">Disclosure<\/a><\/li>\n<li><a title=\"Pol\u00edtica de Coment\u00e1rios\" href=\"https:\/\/justcris.crisferreira.com\/br\/politica-de-comentarios\/\">Pol\u00edtica de Coment\u00e1rios<\/a><\/li>\n<li><a title=\"Pol\u00edtica de privacidade\" href=\"https:\/\/justcris.crisferreira.com\/br\/politica-de-privacidade\/\">Pol\u00edtica de privacidade<\/a><\/li>\n<li><a title=\"Permiss\u00f5es\" href=\"https:\/\/justcris.crisferreira.com\/br\/permissoes\/\">Termos de uso<\/a><\/li>\n<\/ul>\n","protected":false},"excerpt":{"rendered":"<p>Importante: este blog est\u00e1 aposentado. Ele n\u00e3o recebe mais atualiza\u00e7\u00f5es. Meu nome \u00e9 Cristiane Ferreira. Eu tenho tamb\u00e9m uma vers\u00e3o deste site em ingl\u00eas, e da\u00ed veio o nome &#8220;just Cris&#8221;. \u00c9 uma brincadeira com o fato de que raramente as pessoas acertam meu nome (geralmente me chamam de Cristina). Ent\u00e3o, \u00e9 s\u00f3 me chamar [&hellip;]<\/p>\n","protected":false},"author":1,"featured_media":0,"parent":0,"menu_order":0,"comment_status":"closed","ping_status":"closed","template":"","meta":{"footnotes":""},"class_list":["post-27","page","type-page","status-publish","hentry"],"jetpack_sharing_enabled":true,"_links":{"self":[{"href":"https:\/\/justcris.crisferreira.com\/br\/wp-json\/wp\/v2\/pages\/27","targetHints":{"allow":["GET"]}}],"collection":[{"href":"https:\/\/justcris.crisferreira.com\/br\/wp-json\/wp\/v2\/pages"}],"about":[{"href":"https:\/\/justcris.crisferreira.com\/br\/wp-json\/wp\/v2\/types\/page"}],"author":[{"embeddable":true,"href":"https:\/\/justcris.crisferreira.com\/br\/wp-json\/wp\/v2\/users\/1"}],"replies":[{"embeddable":true,"href":"https:\/\/justcris.crisferreira.com\/br\/wp-json\/wp\/v2\/comments?post=27"}],"version-history":[{"count":24,"href":"https:\/\/justcris.crisferreira.com\/br\/wp-json\/wp\/v2\/pages\/27\/revisions"}],"predecessor-version":[{"id":1292,"href":"https:\/\/justcris.crisferreira.com\/br\/wp-json\/wp\/v2\/pages\/27\/revisions\/1292"}],"wp:attachment":[{"href":"https:\/\/justcris.crisferreira.com\/br\/wp-json\/wp\/v2\/media?parent=27"}],"curies":[{"name":"wp","href":"https:\/\/api.w.org\/{rel}","templated":true}]}}