{"id":34,"date":"2012-02-29T16:22:31","date_gmt":"2012-02-29T16:22:31","guid":{"rendered":"http:\/\/br.justcris.com\/?page_id=34"},"modified":"2017-04-06T13:59:58","modified_gmt":"2017-04-06T16:59:58","slug":"politica-de-comentarios","status":"publish","type":"page","link":"https:\/\/justcris.crisferreira.com\/br\/politica-de-comentarios\/","title":{"rendered":"Pol\u00edtica de Coment\u00e1rios"},"content":{"rendered":"<p>Minha inten\u00e7\u00e3o com este blog \u00e9 estabelecer conversas com voc\u00ea, querido leitor. Para garantir que a conversa ser\u00e1 realizada de uma maneira agrad\u00e1vel, pe\u00e7o que voc\u00ea mantenha as seguintes diretrizes em mente ao submeter um coment\u00e1rio:<\/p>\n<ul>\n<li><strong>Voc\u00ea pode submeter coment\u00e1rios com um usu\u00e1rio que voc\u00ea j\u00e1 possui.\u00a0<\/strong>Voc\u00ea pode utilizar seu usu\u00e1rio do Disqus, Twitter, Facebook, Yahoo, OpenID &#8211; ou pode ainda comentar sem se logar (como &#8220;guest&#8221;). Voc\u00ea escolhe como prefere faz\u00ea-lo.<\/li>\n<li><strong>Voc\u00ea pode submeter um coment\u00e1rio como &#8220;guest&#8221;.\u00a0<\/strong>Se voc\u00ea fizer isso, pe\u00e7o por favor que voc\u00ea forne\u00e7a um nome (pode ser o seu nome verdadeiro, apelido, <em>persona online<\/em>, ou marca) e um endere\u00e7o de e-mail v\u00e1lido para que eu possa contat\u00e1-lo.\u00a0Eu me reservo o direito de mudar esta regra se ela for mal utilizada.<\/li>\n<li><strong>Eu vou proteger a sua privacidade e n\u00e3o compartilharei seu endere\u00e7o de e-mail sem o seu consentimento direto.<\/strong><\/li>\n<li><strong>Voc\u00ea pode enviar perguntas al\u00e9m de coment\u00e1rios.<\/strong>\u00a0Se voc\u00ea tem uma pergunta, \u00e9 prov\u00e1vel que voc\u00ea n\u00e3o est\u00e1 sozinho.\u00a0\u00c9 prov\u00e1vel que outros tenham a mesma d\u00favida.\u00a0Ent\u00e3o eu encorajo voc\u00ea a enviar sua pergunta atrav\u00e9s do campo de coment\u00e1rio no <em>post<\/em> espec\u00edfico, de modo que outros possam participar da conversa tamb\u00e9m.<\/li>\n<li><strong>Eu n\u00e3o posso garantir que responderei a cada coment\u00e1rio.<\/strong>\u00a0Mas eu garanto que farei o meu melhor.<\/li>\n<li><strong>Voc\u00ea pode discordar de mim.<\/strong>\u00a0Eu aprecio o debate.\u00a0No entanto, pe\u00e7o que, se voc\u00ea discordar de mim &#8211; ou de qualquer outra pessoa &#8211; que se expresse de maneira respeitosa. Procure expressar suas id\u00e9ias sem menosprezar, ridicularizar ou desrespeitar de qualquer outra forma a opini\u00e3o dos outros.<\/li>\n<li><strong>Eu me reservo o direito de moderar ou remover seus coment\u00e1rios.<\/strong>\u00a0Este \u00e9 o meu blog e eu n\u00e3o tenho a obriga\u00e7\u00e3o de publicar seus coment\u00e1rios. Voc\u00ea pode expressar suas opini\u00f5es livremente no seu blog ou no seu espa\u00e7o virtual, n\u00e3o no meu. Eu respeito o seu espa\u00e7o e pe\u00e7o que voc\u00ea respeite o meu. Para ser mais espec\u00edfica, seu coment\u00e1rio ser\u00e1 moderado ou exclu\u00eddo se voc\u00ea submeter algo que seja, na minha opini\u00e3o exclusiva, (a) sem sentido; (b) fora do t\u00f3pico (off-topic), (c) calunioso, difamat\u00f3rio, abusivo, vexat\u00f3rio, amea\u00e7ador, profano, pornogr\u00e1fico,\u00a0ofensivo, falso, enganoso, ou que viole ou encoraje outros a violar o meu sentido de decoro e civilidade ou ainda qualquer lei, incluindo leis de propriedade intelectual, ou (d) &#8220;spam&#8221;, ou seja, uma tentativa de anunciar, solicitar ou promover\u00a0bens e servi\u00e7os que n\u00e3o tenham sido explicitamente solicitados.<\/li>\n<li><strong>Voc\u00ea mant\u00e9m a propriedade intelectual de seus coment\u00e1rios.<\/strong>\u00a0Eu n\u00e3o os possuo e eu renuncio expressamente a toda e qualquer responsabilidade que possa resultar a partir deles.\u00a0Ao comentar no meu site, voc\u00ea concorda que det\u00eam todos os direitos de propriedade sobre o que voc\u00ea postar aqui e que vai isentar-me de toda e qualquer responsabilidade que possam advir dessas postagens.<\/li>\n<li><strong>Voc\u00ea me concede uma licen\u00e7a para postar seus coment\u00e1rios.\u00a0<\/strong>Esta licen\u00e7a \u00e9 mundial, irrevog\u00e1vel, n\u00e3o exclusiva, e livre de royalties.\u00a0Voc\u00ea me concede o direito de armazenar, utilizar, transmitir, exibir, publicar, reproduzir e distribuir os seus coment\u00e1rios em qualquer formato, incluindo mas n\u00e3o limitado a um blog, em um livro, v\u00eddeo ou apresenta\u00e7\u00e3o.<\/li>\n<li><strong><em>Pingbacks<\/em> s\u00e3o considerados coment\u00e1rios e ser\u00e3o tratados como tal.<\/strong><\/li>\n<\/ul>\n<p>Eu te encorajo a comentar e participar da conversa.\u00a0Estas diretrizes foram estabelecidas para ajudar cada um de n\u00f3s a apreciar mais a conversa e mant\u00ea-la num n\u00edvel agrad\u00e1vel a todos.<\/p>\n<hr \/>\n<h5>Cr\u00e9dito: &#8220;<a href=\"http:\/\/michaelhyatt.com\/my-comments-policy.html\" target=\"_blank\">Do you need a comments policy?<\/a>&#8221; por Michael Hyatt.<\/h5>\n","protected":false},"excerpt":{"rendered":"<p>Minha inten\u00e7\u00e3o com este blog \u00e9 estabelecer conversas com voc\u00ea, querido leitor. Para garantir que a conversa ser\u00e1 realizada de uma maneira agrad\u00e1vel, pe\u00e7o que voc\u00ea mantenha as seguintes diretrizes em mente ao submeter um coment\u00e1rio: Voc\u00ea pode submeter coment\u00e1rios com um usu\u00e1rio que voc\u00ea j\u00e1 possui.\u00a0Voc\u00ea pode utilizar seu usu\u00e1rio do Disqus, Twitter, Facebook, [&hellip;]<\/p>\n","protected":false},"author":1,"featured_media":0,"parent":0,"menu_order":0,"comment_status":"closed","ping_status":"closed","template":"","meta":{"footnotes":""},"class_list":["post-34","page","type-page","status-publish","hentry"],"jetpack_sharing_enabled":true,"_links":{"self":[{"href":"https:\/\/justcris.crisferreira.com\/br\/wp-json\/wp\/v2\/pages\/34","targetHints":{"allow":["GET"]}}],"collection":[{"href":"https:\/\/justcris.crisferreira.com\/br\/wp-json\/wp\/v2\/pages"}],"about":[{"href":"https:\/\/justcris.crisferreira.com\/br\/wp-json\/wp\/v2\/types\/page"}],"author":[{"embeddable":true,"href":"https:\/\/justcris.crisferreira.com\/br\/wp-json\/wp\/v2\/users\/1"}],"replies":[{"embeddable":true,"href":"https:\/\/justcris.crisferreira.com\/br\/wp-json\/wp\/v2\/comments?post=34"}],"version-history":[{"count":10,"href":"https:\/\/justcris.crisferreira.com\/br\/wp-json\/wp\/v2\/pages\/34\/revisions"}],"predecessor-version":[{"id":1286,"href":"https:\/\/justcris.crisferreira.com\/br\/wp-json\/wp\/v2\/pages\/34\/revisions\/1286"}],"wp:attachment":[{"href":"https:\/\/justcris.crisferreira.com\/br\/wp-json\/wp\/v2\/media?parent=34"}],"curies":[{"name":"wp","href":"https:\/\/api.w.org\/{rel}","templated":true}]}}