{"id":40,"date":"2012-03-02T21:12:15","date_gmt":"2012-03-02T21:12:15","guid":{"rendered":"http:\/\/br.justcris.com\/?page_id=40"},"modified":"2012-09-13T10:42:55","modified_gmt":"2012-09-13T13:42:55","slug":"disclaimer","status":"publish","type":"page","link":"https:\/\/justcris.crisferreira.com\/br\/disclaimer\/","title":{"rendered":"Disclaimer"},"content":{"rendered":"<p>Este \u00e9 meu blog\u00a0pessoal.\u00a0As informa\u00e7\u00f5es que eu\u00a0forne\u00e7o s\u00e3o <em>as-is<\/em>.\u00a0Eu\u00a0n\u00e3o fa\u00e7o representa\u00e7\u00f5es\u00a0quanto \u00e0 exatid\u00e3o, exaustividade, atualidade,\u00a0adequa\u00e7\u00e3o e validade de qualquer informa\u00e7\u00e3o neste blog e\u00a0n\u00e3o serei respons\u00e1vel\u00a0por quaisquer erros, omiss\u00f5es ou\u00a0atrasos na atualiza\u00e7\u00e3o destas informa\u00e7\u00f5es\u00a0ou por quaisquer\u00a0perdas, les\u00f5es ou\u00a0danos decorrentes de\u00a0seu uso.<\/p>\n<hr \/>\n<p>This my personal blog. The information I provide is on an as-is basis. I make no representations as to accuracy, completeness, currentness, suitability, or validity of any information on this blog and will not be liable for any errors, omissions, or delays in this information or any losses, injuries, or damages arising from its use.<\/p>\n","protected":false},"excerpt":{"rendered":"<p>Este \u00e9 meu blog\u00a0pessoal.\u00a0As informa\u00e7\u00f5es que eu\u00a0forne\u00e7o s\u00e3o as-is.\u00a0Eu\u00a0n\u00e3o fa\u00e7o representa\u00e7\u00f5es\u00a0quanto \u00e0 exatid\u00e3o, exaustividade, atualidade,\u00a0adequa\u00e7\u00e3o e validade de qualquer informa\u00e7\u00e3o neste blog e\u00a0n\u00e3o serei respons\u00e1vel\u00a0por quaisquer erros, omiss\u00f5es ou\u00a0atrasos na atualiza\u00e7\u00e3o destas informa\u00e7\u00f5es\u00a0ou por quaisquer\u00a0perdas, les\u00f5es ou\u00a0danos decorrentes de\u00a0seu uso. This my personal blog. The information I provide is on an as-is basis. I make [&hellip;]<\/p>\n","protected":false},"author":1,"featured_media":0,"parent":0,"menu_order":0,"comment_status":"closed","ping_status":"closed","template":"","meta":{"footnotes":""},"class_list":["post-40","page","type-page","status-publish","hentry"],"jetpack_sharing_enabled":true,"_links":{"self":[{"href":"https:\/\/justcris.crisferreira.com\/br\/wp-json\/wp\/v2\/pages\/40","targetHints":{"allow":["GET"]}}],"collection":[{"href":"https:\/\/justcris.crisferreira.com\/br\/wp-json\/wp\/v2\/pages"}],"about":[{"href":"https:\/\/justcris.crisferreira.com\/br\/wp-json\/wp\/v2\/types\/page"}],"author":[{"embeddable":true,"href":"https:\/\/justcris.crisferreira.com\/br\/wp-json\/wp\/v2\/users\/1"}],"replies":[{"embeddable":true,"href":"https:\/\/justcris.crisferreira.com\/br\/wp-json\/wp\/v2\/comments?post=40"}],"version-history":[{"count":11,"href":"https:\/\/justcris.crisferreira.com\/br\/wp-json\/wp\/v2\/pages\/40\/revisions"}],"predecessor-version":[{"id":912,"href":"https:\/\/justcris.crisferreira.com\/br\/wp-json\/wp\/v2\/pages\/40\/revisions\/912"}],"wp:attachment":[{"href":"https:\/\/justcris.crisferreira.com\/br\/wp-json\/wp\/v2\/media?parent=40"}],"curies":[{"name":"wp","href":"https:\/\/api.w.org\/{rel}","templated":true}]}}