{"id":43,"date":"2012-03-02T21:13:49","date_gmt":"2012-03-02T21:13:49","guid":{"rendered":"http:\/\/br.justcris.com\/?page_id=43"},"modified":"2012-09-13T10:43:24","modified_gmt":"2012-09-13T13:43:24","slug":"disclosure","status":"publish","type":"page","link":"https:\/\/justcris.crisferreira.com\/br\/disclosure\/","title":{"rendered":"Disclosure"},"content":{"rendered":"<p>Eu me submeto \u00e0s regras da\u00a0<a href=\"http:\/\/www.ftc.gov\/opa\/2009\/10\/endortest.shtm\">FTC Ruling for Bloggers<\/a>. Fa\u00e7o isso\u00a0para me proteger e proporcionar a experi\u00eancia mais confi\u00e1vel poss\u00edvel para os meus leitores.<\/p>\n<p>Qualquer conte\u00fado deste blog pode ser usado para promover produtos, servi\u00e7os e empresas afiliadas.<\/p>\n<p>Eu participo do Programa de afiliados da Amazon, por isso, se voc\u00ea clicar em qualquer link neste blog que aponta para um produto vendido pela Amazon.com, e se voc\u00ea comprar esse produto, vou receber uma pequena comiss\u00e3o por isso. Eu n\u00e3o necessariamente destacarei o uso de links afiliados em todos os conte\u00fados.<\/p>\n<p>A compensa\u00e7\u00e3o recebida nunca influenciar\u00e1 o conte\u00fado, mensagens ou posts publicados neste blog.\u00a0Recuso-me a garantir que a an\u00e1lise (review) de um produto ou servi\u00e7o seja &#8220;positivo&#8221;; o meu compromisso \u00e9 com meus leitores, e vou dar uma avalia\u00e7\u00e3o justa e proveitosa.<\/p>\n<p>N\u00e3o tenho a inten\u00e7\u00e3o de publicar cr\u00edticas negativas de um produto ou servi\u00e7o a menos que eu acredite que a cr\u00edtica negativa vai ser \u00fatil aos meus leitores.<\/p>\n<p>Eu s\u00f3 endosso produtos ou servi\u00e7os que eu acredito que, baseado no meu conhecimento e experi\u00eancia, s\u00e3o dignos de tal endosso.\u00a0Qualquer informa\u00e7\u00e3o do produto, estat\u00edstica, cita\u00e7\u00e3o ou outra representa\u00e7\u00e3o sobre um produto ou servi\u00e7o deve ser verificado com o fabricante ou fornecedor.<\/p>\n<p>Esta pol\u00edtica de divulga\u00e7\u00e3o (disclosure) est\u00e1 sujeita a altera\u00e7\u00f5es sem aviso pr\u00e9vio e foi atualizada em 12 de abril de 2012.\u00a0Se voc\u00ea tiver alguma d\u00favida n\u00e3o hesite em contactar-me directamente por\u00a0<a title=\"email\" href=\"mailto:cris@crisferreira.com\">email<\/a>.<\/p>\n<hr \/>\n<p>I willingly submit to the <a href=\"http:\/\/www.ftc.gov\/opa\/2009\/10\/endortest.shtm\">FTC Ruling for Bloggers<\/a>. This is to protect myself and to provide the most trustworthy experience to my readers possible.<\/p>\n<p>Every piece of content in this blog may be used to promote products, services, and affiliate businesses.<\/p>\n<p>I participate in the Amazon Affiliate Program, so if you click any link in this blog that points to a product sold by Amazon.com, and if you purchase that product, I will receive a small commission for it. I will not necessarily note the use of an affiliate link every time.<\/p>\n<p>The compensation received will never influence the content, topics or posts made in this blog. I refuse to guarantee that a review of a product or service will be \u201cpositive\u201d in nature; my commitment is to my readers, and I will provide a fair and valuable assessment.<\/p>\n<p>I don&#8217;t intend to publish negative reviews of a product or service unless I find that the negative review will be useful to my readers.<\/p>\n<p>I only endorse products or services that I believe, based on my expertise and experience, are worthy of such endorsement. Any product claim, statistic, quote or other representation about a product or service should be verified with the manufacturer or provider.<\/p>\n<p>This disclosure policy is subject to change without notice and was last updated on April 12th, 2012. If you have any questions feel free to contact me directly by <a title=\"email\" href=\"mailto:cris@crisferreira.com\">email<\/a>.<\/p>\n","protected":false},"excerpt":{"rendered":"<p>Eu me submeto \u00e0s regras da\u00a0FTC Ruling for Bloggers. Fa\u00e7o isso\u00a0para me proteger e proporcionar a experi\u00eancia mais confi\u00e1vel poss\u00edvel para os meus leitores. Qualquer conte\u00fado deste blog pode ser usado para promover produtos, servi\u00e7os e empresas afiliadas. Eu participo do Programa de afiliados da Amazon, por isso, se voc\u00ea clicar em qualquer link neste [&hellip;]<\/p>\n","protected":false},"author":1,"featured_media":0,"parent":0,"menu_order":0,"comment_status":"closed","ping_status":"closed","template":"","meta":{"footnotes":""},"class_list":["post-43","page","type-page","status-publish","hentry"],"jetpack_sharing_enabled":true,"_links":{"self":[{"href":"https:\/\/justcris.crisferreira.com\/br\/wp-json\/wp\/v2\/pages\/43","targetHints":{"allow":["GET"]}}],"collection":[{"href":"https:\/\/justcris.crisferreira.com\/br\/wp-json\/wp\/v2\/pages"}],"about":[{"href":"https:\/\/justcris.crisferreira.com\/br\/wp-json\/wp\/v2\/types\/page"}],"author":[{"embeddable":true,"href":"https:\/\/justcris.crisferreira.com\/br\/wp-json\/wp\/v2\/users\/1"}],"replies":[{"embeddable":true,"href":"https:\/\/justcris.crisferreira.com\/br\/wp-json\/wp\/v2\/comments?post=43"}],"version-history":[{"count":9,"href":"https:\/\/justcris.crisferreira.com\/br\/wp-json\/wp\/v2\/pages\/43\/revisions"}],"predecessor-version":[{"id":913,"href":"https:\/\/justcris.crisferreira.com\/br\/wp-json\/wp\/v2\/pages\/43\/revisions\/913"}],"wp:attachment":[{"href":"https:\/\/justcris.crisferreira.com\/br\/wp-json\/wp\/v2\/media?parent=43"}],"curies":[{"name":"wp","href":"https:\/\/api.w.org\/{rel}","templated":true}]}}