{"id":45,"date":"2012-03-02T21:11:59","date_gmt":"2012-03-02T21:11:59","guid":{"rendered":"http:\/\/br.justcris.com\/?page_id=45"},"modified":"2017-04-06T14:05:04","modified_gmt":"2017-04-06T17:05:04","slug":"permissoes","status":"publish","type":"page","link":"https:\/\/justcris.crisferreira.com\/br\/permissoes\/","title":{"rendered":"Termos de uso"},"content":{"rendered":"<p>Eu possuo os direitos autorais do conte\u00fado deste site, exceto onde for indicado que seja de outra pessoa ou institui\u00e7\u00e3o.\u00a0Eu aprecio o seu interesse em compartilhar o meu trabalho, e por isso pe\u00e7o que voc\u00ea leia esta p\u00e1gina antes de utilizar qualquer conte\u00fado que voc\u00ea encontrar aqui.\u00a0Agrade\u00e7o sua colabora\u00e7\u00e3o!<\/p>\n<h3>O que voc\u00ea pode fazer sem a minha permiss\u00e3o expl\u00edcita:<\/h3>\n<ul>\n<li>Referenciar qualquer link no meu site, incluindo o site principal, posts e p\u00e1ginas.<\/li>\n<li>Reproduzir at\u00e9 200 palavras de qualquer conte\u00fado escrito por <a title=\"Sobre\" href=\"https:\/\/justcris.crisferreira.com\/br\/sobre\/\">mim<\/a> (exceto posts escritos por convidados publicados neste site), com a condi\u00e7\u00e3o de que voc\u00ea cite a URL da fonte original do conte\u00fado, ou seja, voc\u00ea deve colocar o link do post ou da p\u00e1gina original junto com a cita\u00e7\u00e3o.<\/li>\n<li>Imprimir e distribuir c\u00f3pias de qualquer post (exceto posts escritos por convidados) para fins n\u00e3o-comerciais, desde que voc\u00ea inclua este aviso de direitos autorais: &#8220;\u00a9 2012 Cristiane M. Ferreira. Todos os direitos reservados.\u00a0Originalmente publicado em https:\/\/justcris.crisferreira.com\/br&#8221;<\/li>\n<\/ul>\n<h3>O que voc\u00ea n\u00e3o pode fazer sem a minha permiss\u00e3o:<\/h3>\n<ul>\n<li>Republicar um dos meus posts na sua totalidade em qualquer outro lugar na Internet.<\/li>\n<li>Utilizar qualquer conte\u00fado deste site para fins comerciais, incluindo a venda ou licenciamento de vers\u00e3o impressa ou digital do meu conte\u00fado.<\/li>\n<li>Alterar, transformar ou criar outra obra com base em algum conte\u00fado deste site.<\/li>\n<\/ul>\n<p>Se voc\u00ea tiver alguma d\u00favida, entre em contato comigo por\u00a0<a href=\"mailto:\/\/cris@crisferreira.com\">email<\/a>.<\/p>\n","protected":false},"excerpt":{"rendered":"<p>Eu possuo os direitos autorais do conte\u00fado deste site, exceto onde for indicado que seja de outra pessoa ou institui\u00e7\u00e3o.\u00a0Eu aprecio o seu interesse em compartilhar o meu trabalho, e por isso pe\u00e7o que voc\u00ea leia esta p\u00e1gina antes de utilizar qualquer conte\u00fado que voc\u00ea encontrar aqui.\u00a0Agrade\u00e7o sua colabora\u00e7\u00e3o! O que voc\u00ea pode fazer sem [&hellip;]<\/p>\n","protected":false},"author":1,"featured_media":0,"parent":0,"menu_order":0,"comment_status":"closed","ping_status":"closed","template":"","meta":{"footnotes":""},"class_list":["post-45","page","type-page","status-publish","hentry"],"jetpack_sharing_enabled":true,"_links":{"self":[{"href":"https:\/\/justcris.crisferreira.com\/br\/wp-json\/wp\/v2\/pages\/45","targetHints":{"allow":["GET"]}}],"collection":[{"href":"https:\/\/justcris.crisferreira.com\/br\/wp-json\/wp\/v2\/pages"}],"about":[{"href":"https:\/\/justcris.crisferreira.com\/br\/wp-json\/wp\/v2\/types\/page"}],"author":[{"embeddable":true,"href":"https:\/\/justcris.crisferreira.com\/br\/wp-json\/wp\/v2\/users\/1"}],"replies":[{"embeddable":true,"href":"https:\/\/justcris.crisferreira.com\/br\/wp-json\/wp\/v2\/comments?post=45"}],"version-history":[{"count":16,"href":"https:\/\/justcris.crisferreira.com\/br\/wp-json\/wp\/v2\/pages\/45\/revisions"}],"predecessor-version":[{"id":1291,"href":"https:\/\/justcris.crisferreira.com\/br\/wp-json\/wp\/v2\/pages\/45\/revisions\/1291"}],"wp:attachment":[{"href":"https:\/\/justcris.crisferreira.com\/br\/wp-json\/wp\/v2\/media?parent=45"}],"curies":[{"name":"wp","href":"https:\/\/api.w.org\/{rel}","templated":true}]}}