{"id":47,"date":"2012-03-02T21:13:29","date_gmt":"2012-03-02T21:13:29","guid":{"rendered":"http:\/\/br.justcris.com\/?page_id=47"},"modified":"2012-09-13T10:44:59","modified_gmt":"2012-09-13T13:44:59","slug":"politica-de-privacidade","status":"publish","type":"page","link":"https:\/\/justcris.crisferreira.com\/br\/politica-de-privacidade\/","title":{"rendered":"Pol\u00edtica de Privacidade"},"content":{"rendered":"<p>Este blog n\u00e3o compartilha informa\u00e7\u00f5es pessoais com terceiros, nem armazenamos qualquer informa\u00e7\u00e3o sobre sua visita a este blog a n\u00e3o ser para analisar e otimizar o seu conte\u00fado e experi\u00eancia de leitura atrav\u00e9s do uso de cookies.<\/p>\n<p>Voc\u00ea pode desativar o uso de cookies a qualquer momento alterando as configura\u00e7\u00f5es espec\u00edficas do navegador.<\/p>\n<p>N\u00e3o somos respons\u00e1veis pelo conte\u00fado republicado deste blog em outros blogs ou sites sem a nossa permiss\u00e3o.<\/p>\n<p>Esta pol\u00edtica de privacidade est\u00e1 sujeita a altera\u00e7\u00e3o sem aviso pr\u00e9vio e foi atualizada em 12 de abril de 2012.<\/p>\n<p>Se voc\u00ea tiver alguma d\u00favida n\u00e3o hesite em contactar-me directamente por\u00a0<a title=\"email\" href=\"mailto:cris@crisferreira.com\">email<\/a>.<\/p>\n<hr \/>\n<h3>Privacy Policy<\/h3>\n<p>This blog does not share personal information with third parties nor do we store any information about your visit to this blog other than to analyze and optimize your content and reading experience through the use of cookies.<\/p>\n<p>You can turn off the use of cookies at anytime by changing your specific browser settings.<\/p>\n<p>We are not responsible for republished content from this blog on other blogs or websites without our permission.<\/p>\n<p>This privacy policy is subject to change without notice and was last updated on April, 12th 2012.<\/p>\n<p>If you have any questions feel free to contact me directly by\u00a0<a title=\"email\" href=\"mailto:cris@crisferreira.com\">email<\/a>.<\/p>\n","protected":false},"excerpt":{"rendered":"<p>Este blog n\u00e3o compartilha informa\u00e7\u00f5es pessoais com terceiros, nem armazenamos qualquer informa\u00e7\u00e3o sobre sua visita a este blog a n\u00e3o ser para analisar e otimizar o seu conte\u00fado e experi\u00eancia de leitura atrav\u00e9s do uso de cookies. Voc\u00ea pode desativar o uso de cookies a qualquer momento alterando as configura\u00e7\u00f5es espec\u00edficas do navegador. N\u00e3o somos [&hellip;]<\/p>\n","protected":false},"author":1,"featured_media":0,"parent":0,"menu_order":0,"comment_status":"closed","ping_status":"closed","template":"","meta":{"footnotes":""},"class_list":["post-47","page","type-page","status-publish","hentry"],"jetpack_sharing_enabled":true,"_links":{"self":[{"href":"https:\/\/justcris.crisferreira.com\/br\/wp-json\/wp\/v2\/pages\/47","targetHints":{"allow":["GET"]}}],"collection":[{"href":"https:\/\/justcris.crisferreira.com\/br\/wp-json\/wp\/v2\/pages"}],"about":[{"href":"https:\/\/justcris.crisferreira.com\/br\/wp-json\/wp\/v2\/types\/page"}],"author":[{"embeddable":true,"href":"https:\/\/justcris.crisferreira.com\/br\/wp-json\/wp\/v2\/users\/1"}],"replies":[{"embeddable":true,"href":"https:\/\/justcris.crisferreira.com\/br\/wp-json\/wp\/v2\/comments?post=47"}],"version-history":[{"count":11,"href":"https:\/\/justcris.crisferreira.com\/br\/wp-json\/wp\/v2\/pages\/47\/revisions"}],"predecessor-version":[{"id":917,"href":"https:\/\/justcris.crisferreira.com\/br\/wp-json\/wp\/v2\/pages\/47\/revisions\/917"}],"wp:attachment":[{"href":"https:\/\/justcris.crisferreira.com\/br\/wp-json\/wp\/v2\/media?parent=47"}],"curies":[{"name":"wp","href":"https:\/\/api.w.org\/{rel}","templated":true}]}}